{"id":34,"date":"2023-10-23T12:11:05","date_gmt":"2023-10-23T12:11:05","guid":{"rendered":"https:\/\/FeminineFlows.carinabernardi.ch\/?page_id=34"},"modified":"2024-07-30T17:30:33","modified_gmt":"2024-07-30T17:30:33","slug":"interviews","status":"publish","type":"page","link":"https:\/\/feminineflows.carinabernardi.ch\/home\/interviews\/","title":{"rendered":"Interviews"},"content":{"rendered":"\t\t<div data-elementor-type=\"wp-page\" data-elementor-id=\"34\" class=\"elementor elementor-34\">\n\t\t\t\t<div class=\"elementor-element elementor-element-f2432f0 e-flex e-con-boxed e-con e-parent\" data-id=\"f2432f0\" data-element_type=\"container\" data-settings=\"{&quot;background_background&quot;:&quot;video&quot;,&quot;background_video_link&quot;:&quot;https:\\\/\\\/www.youtube.com\\\/watch?v=syX3hnsFpHc&quot;,&quot;background_play_on_mobile&quot;:&quot;yes&quot;}\">\n\t\t\t\t\t<div class=\"e-con-inner\">\n\t\t<div class=\"elementor-background-video-container\">\n\t\t\t\t\t\t\t<div class=\"elementor-background-video-embed\"><\/div>\n\t\t\t\t\t\t<\/div>\t\t<div class=\"elementor-element elementor-element-1b441c0 elementor-invisible elementor-widget elementor-widget-heading\" data-id=\"1b441c0\" data-element_type=\"widget\" data-settings=\"{&quot;_animation&quot;:&quot;bounceInLeft&quot;}\" data-widget_type=\"heading.default\">\n\t\t\t\t<div class=\"elementor-widget-container\">\n\t\t\t<style>\/*! elementor - v3.23.0 - 25-07-2024 *\/\n.elementor-heading-title{padding:0;margin:0;line-height:1}.elementor-widget-heading .elementor-heading-title[class*=elementor-size-]>a{color:inherit;font-size:inherit;line-height:inherit}.elementor-widget-heading .elementor-heading-title.elementor-size-small{font-size:15px}.elementor-widget-heading .elementor-heading-title.elementor-size-medium{font-size:19px}.elementor-widget-heading .elementor-heading-title.elementor-size-large{font-size:29px}.elementor-widget-heading .elementor-heading-title.elementor-size-xl{font-size:39px}.elementor-widget-heading .elementor-heading-title.elementor-size-xxl{font-size:59px}<\/style><h1 class=\"elementor-heading-title elementor-size-xxl\">Let them Talk! <\/h1>\t\t<\/div>\n\t\t\t\t<\/div>\n\t\t\t\t\t<\/div>\n\t\t\t\t<\/div>\n\t\t<div class=\"elementor-element elementor-element-6be28ef e-flex e-con-boxed e-con e-parent\" data-id=\"6be28ef\" data-element_type=\"container\" data-settings=\"{&quot;background_background&quot;:&quot;video&quot;,&quot;background_video_link&quot;:&quot;https:\\\/\\\/www.youtube.com\\\/watch?v=syX3hnsFpHc&quot;}\">\n\t\t\t\t\t<div class=\"e-con-inner\">\n\t\t<div class=\"elementor-background-video-container elementor-hidden-phone\">\n\t\t\t\t\t\t\t<div class=\"elementor-background-video-embed\"><\/div>\n\t\t\t\t\t\t<\/div><div class=\"elementor-element elementor-element-8c3d793 e-con-full e-flex e-con e-child\" data-id=\"8c3d793\" data-element_type=\"container\">\n\t\t\t\t<div class=\"elementor-element elementor-element-045ed08 elementor-widget elementor-widget-image\" data-id=\"045ed08\" data-element_type=\"widget\" data-widget_type=\"image.default\">\n\t\t\t\t<div class=\"elementor-widget-container\">\n\t\t\t<style>\/*! elementor - v3.23.0 - 25-07-2024 *\/\n.elementor-widget-image{text-align:center}.elementor-widget-image a{display:inline-block}.elementor-widget-image a img[src$=\".svg\"]{width:48px}.elementor-widget-image img{vertical-align:middle;display:inline-block}<\/style>\t\t\t\t\t\t\t<figure class=\"wp-caption\">\n\t\t\t\t\t\t\t\t\t\t<img fetchpriority=\"high\" decoding=\"async\" width=\"828\" height=\"828\" src=\"https:\/\/feminineflows.carinabernardi.ch\/wp-content\/uploads\/2024\/07\/IMG_7229.jpg\" class=\"attachment-large size-large wp-image-2275\" alt=\"\" srcset=\"https:\/\/feminineflows.carinabernardi.ch\/wp-content\/uploads\/2024\/07\/IMG_7229.jpg 828w, https:\/\/feminineflows.carinabernardi.ch\/wp-content\/uploads\/2024\/07\/IMG_7229-300x300.jpg 300w, https:\/\/feminineflows.carinabernardi.ch\/wp-content\/uploads\/2024\/07\/IMG_7229-150x150.jpg 150w, https:\/\/feminineflows.carinabernardi.ch\/wp-content\/uploads\/2024\/07\/IMG_7229-768x768.jpg 768w, https:\/\/feminineflows.carinabernardi.ch\/wp-content\/uploads\/2024\/07\/IMG_7229-600x600.jpg 600w\" sizes=\"(max-width: 828px) 100vw, 828px\" \/>\t\t\t\t\t\t\t\t\t\t\t<figcaption class=\"widget-image-caption wp-caption-text\">Bild @SRF Bounce<\/figcaption>\n\t\t\t\t\t\t\t\t\t\t<\/figure>\n\t\t\t\t\t\t\t<\/div>\n\t\t\t\t<\/div>\n\t\t\t\t<div class=\"elementor-element elementor-element-d2e8ac5 elementor-widget elementor-widget-text-editor\" data-id=\"d2e8ac5\" data-element_type=\"widget\" data-widget_type=\"text-editor.default\">\n\t\t\t\t<div class=\"elementor-widget-container\">\n\t\t\t<style>\/*! elementor - v3.23.0 - 25-07-2024 *\/\n.elementor-widget-text-editor.elementor-drop-cap-view-stacked .elementor-drop-cap{background-color:#69727d;color:#fff}.elementor-widget-text-editor.elementor-drop-cap-view-framed .elementor-drop-cap{color:#69727d;border:3px solid;background-color:transparent}.elementor-widget-text-editor:not(.elementor-drop-cap-view-default) .elementor-drop-cap{margin-top:8px}.elementor-widget-text-editor:not(.elementor-drop-cap-view-default) .elementor-drop-cap-letter{width:1em;height:1em}.elementor-widget-text-editor .elementor-drop-cap{float:left;text-align:center;line-height:1;font-size:50px}.elementor-widget-text-editor .elementor-drop-cap-letter{display:inline-block}<\/style>\t\t\t\t<p>&#8222;Ich m\u00f6chte den Frauen Mut machen, dass sie sich nicht zu &#8218;Sex-Sells&#8216; gezwungen f\u00fchlen m\u00fcssen. Es geht darum, authentisch zu sein und sich wohlzuf\u00fchlen. Jeder kann auf seine eigene Art stark und sexy sein. Ich glaube, dass Authentizit\u00e4t und Selbstbewusstsein die Schl\u00fcssel sind. Wenn man sich selbst treu bleibt, wird man sein Publikum erreichen.&#8220;<\/p><p><span style=\"font-size: 14px; text-align: var(--text-align);\">\u00a0<a href=\"https:\/\/feminineflows.carinabernardi.ch\/listen\/\">Listen<\/a>, <a href=\"https:\/\/feminineflows.carinabernardi.ch\/read\/\">Read<\/a>, <a href=\"https:\/\/feminineflows.carinabernardi.ch\/watch\/\">Watch the Interview!<\/a><\/span><\/p>\t\t\t\t\t\t<\/div>\n\t\t\t\t<\/div>\n\t\t\t\t<\/div>\n\t\t<div class=\"elementor-element elementor-element-7fb196f e-con-full e-flex e-con e-child\" data-id=\"7fb196f\" data-element_type=\"container\">\n\t\t\t\t<div class=\"elementor-element elementor-element-dbf7e24 elementor-widget elementor-widget-image\" data-id=\"dbf7e24\" data-element_type=\"widget\" data-widget_type=\"image.default\">\n\t\t\t\t<div class=\"elementor-widget-container\">\n\t\t\t\t\t\t\t\t\t\t\t\t\t<img decoding=\"async\" width=\"720\" height=\"720\" src=\"https:\/\/feminineflows.carinabernardi.ch\/wp-content\/uploads\/2024\/07\/575C0D24-C54C-4102-90F7-B9C232469020.jpg\" class=\"attachment-large size-large wp-image-2297\" alt=\"\" srcset=\"https:\/\/feminineflows.carinabernardi.ch\/wp-content\/uploads\/2024\/07\/575C0D24-C54C-4102-90F7-B9C232469020.jpg 720w, https:\/\/feminineflows.carinabernardi.ch\/wp-content\/uploads\/2024\/07\/575C0D24-C54C-4102-90F7-B9C232469020-300x300.jpg 300w, https:\/\/feminineflows.carinabernardi.ch\/wp-content\/uploads\/2024\/07\/575C0D24-C54C-4102-90F7-B9C232469020-150x150.jpg 150w, https:\/\/feminineflows.carinabernardi.ch\/wp-content\/uploads\/2024\/07\/575C0D24-C54C-4102-90F7-B9C232469020-600x600.jpg 600w\" sizes=\"(max-width: 720px) 100vw, 720px\" \/>\t\t\t\t\t\t\t\t\t\t\t\t\t<\/div>\n\t\t\t\t<\/div>\n\t\t\t\t<div class=\"elementor-element elementor-element-aa8f892 elementor-widget elementor-widget-text-editor\" data-id=\"aa8f892\" data-element_type=\"widget\" data-widget_type=\"text-editor.default\">\n\t\t\t\t<div class=\"elementor-widget-container\">\n\t\t\t\t\t\t\t<p>&#8222;Ich glaube, es ist mega cool zu sehen, dass female Rapperinnen in der Schweiz an viel mehr Selbstbewusstsein gewonnen haben. In den letzten paar Jahren sind immer mehr Frauen in die Szene gekommen, weil es unter anderem immer mehr Vorbilder gibt. Rap ist ein hartes Pflaster und man muss mit viel Selbstbewusstsein &#8218;reinsteppen&#8216;. Eine neue Generation wie Cachita, SGB und Gigi macht das mit einer Selbstverst\u00e4ndlichkeit, die ich sehr bewundere.&#8220;<\/p><p><span style=\"font-family: 'Open Sans', sans-serif; font-size: 14px; font-style: normal; font-variant-caps: normal;\">\u00a0<a href=\"https:\/\/feminineflows.carinabernardi.ch\/listen\/\">Listen<\/a>, <a href=\"https:\/\/feminineflows.carinabernardi.ch\/read\/\">Read<\/a>, <a href=\"https:\/\/feminineflows.carinabernardi.ch\/watch\/\">Watch the Interview!<\/a><\/span><\/p>\t\t\t\t\t\t<\/div>\n\t\t\t\t<\/div>\n\t\t\t\t<\/div>\n\t\t<div class=\"elementor-element elementor-element-a7d9f7f e-con-full e-flex e-con e-child\" data-id=\"a7d9f7f\" data-element_type=\"container\">\n\t\t\t\t<div class=\"elementor-element elementor-element-e89963b elementor-widget elementor-widget-image\" data-id=\"e89963b\" data-element_type=\"widget\" data-widget_type=\"image.default\">\n\t\t\t\t<div class=\"elementor-widget-container\">\n\t\t\t\t\t\t\t\t\t\t\t\t\t<img decoding=\"async\" width=\"828\" height=\"828\" src=\"https:\/\/feminineflows.carinabernardi.ch\/wp-content\/uploads\/2024\/07\/IMG_7228.jpg\" class=\"attachment-large size-large wp-image-2274\" alt=\"\" srcset=\"https:\/\/feminineflows.carinabernardi.ch\/wp-content\/uploads\/2024\/07\/IMG_7228.jpg 828w, https:\/\/feminineflows.carinabernardi.ch\/wp-content\/uploads\/2024\/07\/IMG_7228-300x300.jpg 300w, https:\/\/feminineflows.carinabernardi.ch\/wp-content\/uploads\/2024\/07\/IMG_7228-150x150.jpg 150w, https:\/\/feminineflows.carinabernardi.ch\/wp-content\/uploads\/2024\/07\/IMG_7228-768x768.jpg 768w, https:\/\/feminineflows.carinabernardi.ch\/wp-content\/uploads\/2024\/07\/IMG_7228-600x600.jpg 600w\" sizes=\"(max-width: 828px) 100vw, 828px\" \/>\t\t\t\t\t\t\t\t\t\t\t\t\t<\/div>\n\t\t\t\t<\/div>\n\t\t\t\t<div class=\"elementor-element elementor-element-43ddb22 elementor-widget elementor-widget-text-editor\" data-id=\"43ddb22\" data-element_type=\"widget\" data-widget_type=\"text-editor.default\">\n\t\t\t\t<div class=\"elementor-widget-container\">\n\t\t\t\t\t\t\t<p>&#8222;Frauen \u00fcbernehmen jetzt mehr Kontrolle \u00fcber ihre Darstellung und nutzen ihre Plattformen, um verschiedene Aspekte ihrer Pers\u00f6nlichkeit und Kunst auszudr\u00fccken. Es gibt eine starke Selbstsexualisierung. Auf der einen Seite ist das gut, aber ich liebe auch poetischen Shit. Ich denke, dass es fr\u00fcher \u00e4hnlich war, aber die Sichtbarkeit f\u00fcr Frauen ist heute viel st\u00e4rker.&#8220;<\/p><p><span style=\"font-family: 'Open Sans', sans-serif; font-size: 14px; font-style: normal; font-variant-caps: normal;\">\u00a0<a href=\"https:\/\/feminineflows.carinabernardi.ch\/listen\/\">Listen<\/a>, <a href=\"https:\/\/feminineflows.carinabernardi.ch\/read\/\">Read<\/a>, <a href=\"https:\/\/feminineflows.carinabernardi.ch\/watch\/\">Watch the Interview!<\/a><\/span><\/p>\t\t\t\t\t\t<\/div>\n\t\t\t\t<\/div>\n\t\t\t\t<\/div>\n\t\t\t\t\t<\/div>\n\t\t\t\t<\/div>\n\t\t\t\t<section class=\"elementor-section elementor-top-section elementor-element elementor-element-316d831b elementor-section-content-top elementor-section-boxed elementor-section-height-default elementor-section-height-default\" data-id=\"316d831b\" data-element_type=\"section\" data-settings=\"{&quot;background_background&quot;:&quot;classic&quot;}\">\n\t\t\t\t\t\t\t<div class=\"elementor-background-overlay\"><\/div>\n\t\t\t\t\t\t\t<div class=\"elementor-container elementor-column-gap-default\">\n\t\t\t\t\t<div class=\"elementor-column elementor-col-100 elementor-top-column elementor-element elementor-element-5582e806\" data-id=\"5582e806\" data-element_type=\"column\">\n\t\t\t<div class=\"elementor-widget-wrap elementor-element-populated\">\n\t\t\t\t\t\t<section class=\"elementor-section elementor-inner-section elementor-element elementor-element-1f721faa elementor-section-content-top elementor-section-boxed elementor-section-height-default elementor-section-height-default\" data-id=\"1f721faa\" data-element_type=\"section\">\n\t\t\t\t\t\t<div class=\"elementor-container elementor-column-gap-default\">\n\t\t\t\t\t<div class=\"elementor-column elementor-col-33 elementor-inner-column elementor-element elementor-element-5d6c1fb9\" data-id=\"5d6c1fb9\" data-element_type=\"column\">\n\t\t\t<div class=\"elementor-widget-wrap elementor-element-populated\">\n\t\t\t\t\t\t<div class=\"elementor-element elementor-element-372faf2 animated-slow elementor-invisible elementor-widget elementor-widget-heading\" data-id=\"372faf2\" data-element_type=\"widget\" data-settings=\"{&quot;_animation&quot;:&quot;fadeIn&quot;,&quot;_animation_delay&quot;:600}\" data-widget_type=\"heading.default\">\n\t\t\t\t<div class=\"elementor-widget-container\">\n\t\t\t<h2 class=\"elementor-heading-title elementor-size-default\"><a href=\"https:\/\/feminineflows.carinabernardi.ch\/home\/\">Feminine Flows<\/a><\/h2>\t\t<\/div>\n\t\t\t\t<\/div>\n\t\t\t\t<div class=\"elementor-element elementor-element-64ab7075 elementor-invisible elementor-widget elementor-widget-text-editor\" data-id=\"64ab7075\" data-element_type=\"widget\" data-settings=\"{&quot;_animation&quot;:&quot;fadeInDown&quot;}\" data-widget_type=\"text-editor.default\">\n\t\t\t\t<div class=\"elementor-widget-container\">\n\t\t\t\t\t\t\t<p>Eine Website zu dem Lehrprojekt<\/p><p>Carina Bernardi, 2024<\/p><p><span style=\"font-size: 14px;\"><a href=\"https:\/\/feminineflows.carinabernardi.ch\/home\/impressum-und-datenschutz\/\">Impressum und Datenschutz<\/a><\/span><\/p><p><a href=\"https:\/\/feminineflows.carinabernardi.ch\/home\/FAQ\/\">FAQ<\/a><\/p>\t\t\t\t\t\t<\/div>\n\t\t\t\t<\/div>\n\t\t\t\t\t<\/div>\n\t\t<\/div>\n\t\t\t\t<div class=\"elementor-column elementor-col-33 elementor-inner-column elementor-element elementor-element-25d4da2d\" data-id=\"25d4da2d\" data-element_type=\"column\">\n\t\t\t<div class=\"elementor-widget-wrap elementor-element-populated\">\n\t\t\t\t\t\t<div class=\"elementor-element elementor-element-6ff38780 elementor-widget__width-initial elementor-invisible elementor-widget elementor-widget-text-editor\" data-id=\"6ff38780\" data-element_type=\"widget\" data-settings=\"{&quot;_animation_delay&quot;:600,&quot;_animation&quot;:&quot;fadeInUp&quot;}\" data-widget_type=\"text-editor.default\">\n\t\t\t\t<div class=\"elementor-widget-container\">\n\t\t\t\t\t\t\t<p>Bern, Schweiz<\/p><p>E-Mail: <a href=\"mailto:carina.silvana.beerli@gmail.com\">carina.silvana.beerli@gmail.com<\/a><\/p><p>\u00a0<\/p>\t\t\t\t\t\t<\/div>\n\t\t\t\t<\/div>\n\t\t\t\t\t<\/div>\n\t\t<\/div>\n\t\t\t\t<div class=\"elementor-column elementor-col-33 elementor-inner-column elementor-element elementor-element-56cbca77\" data-id=\"56cbca77\" data-element_type=\"column\">\n\t\t\t<div class=\"elementor-widget-wrap elementor-element-populated\">\n\t\t\t\t\t\t<div class=\"elementor-element elementor-element-1ca8867a e-grid-align-right e-grid-align-tablet-right elementor-shape-circle e-grid-align-mobile-center elementor-grid-0 elementor-widget elementor-widget-social-icons\" data-id=\"1ca8867a\" data-element_type=\"widget\" data-widget_type=\"social-icons.default\">\n\t\t\t\t<div class=\"elementor-widget-container\">\n\t\t\t<style>\/*! elementor - v3.23.0 - 25-07-2024 *\/\n.elementor-widget-social-icons.elementor-grid-0 .elementor-widget-container,.elementor-widget-social-icons.elementor-grid-mobile-0 .elementor-widget-container,.elementor-widget-social-icons.elementor-grid-tablet-0 .elementor-widget-container{line-height:1;font-size:0}.elementor-widget-social-icons:not(.elementor-grid-0):not(.elementor-grid-tablet-0):not(.elementor-grid-mobile-0) .elementor-grid{display:inline-grid}.elementor-widget-social-icons .elementor-grid{grid-column-gap:var(--grid-column-gap,5px);grid-row-gap:var(--grid-row-gap,5px);grid-template-columns:var(--grid-template-columns);justify-content:var(--justify-content,center);justify-items:var(--justify-content,center)}.elementor-icon.elementor-social-icon{font-size:var(--icon-size,25px);line-height:var(--icon-size,25px);width:calc(var(--icon-size, 25px) + 2 * var(--icon-padding, .5em));height:calc(var(--icon-size, 25px) + 2 * var(--icon-padding, .5em))}.elementor-social-icon{--e-social-icon-icon-color:#fff;display:inline-flex;background-color:#69727d;align-items:center;justify-content:center;text-align:center;cursor:pointer}.elementor-social-icon i{color:var(--e-social-icon-icon-color)}.elementor-social-icon svg{fill:var(--e-social-icon-icon-color)}.elementor-social-icon:last-child{margin:0}.elementor-social-icon:hover{opacity:.9;color:#fff}.elementor-social-icon-android{background-color:#a4c639}.elementor-social-icon-apple{background-color:#999}.elementor-social-icon-behance{background-color:#1769ff}.elementor-social-icon-bitbucket{background-color:#205081}.elementor-social-icon-codepen{background-color:#000}.elementor-social-icon-delicious{background-color:#39f}.elementor-social-icon-deviantart{background-color:#05cc47}.elementor-social-icon-digg{background-color:#005be2}.elementor-social-icon-dribbble{background-color:#ea4c89}.elementor-social-icon-elementor{background-color:#d30c5c}.elementor-social-icon-envelope{background-color:#ea4335}.elementor-social-icon-facebook,.elementor-social-icon-facebook-f{background-color:#3b5998}.elementor-social-icon-flickr{background-color:#0063dc}.elementor-social-icon-foursquare{background-color:#2d5be3}.elementor-social-icon-free-code-camp,.elementor-social-icon-freecodecamp{background-color:#006400}.elementor-social-icon-github{background-color:#333}.elementor-social-icon-gitlab{background-color:#e24329}.elementor-social-icon-globe{background-color:#69727d}.elementor-social-icon-google-plus,.elementor-social-icon-google-plus-g{background-color:#dd4b39}.elementor-social-icon-houzz{background-color:#7ac142}.elementor-social-icon-instagram{background-color:#262626}.elementor-social-icon-jsfiddle{background-color:#487aa2}.elementor-social-icon-link{background-color:#818a91}.elementor-social-icon-linkedin,.elementor-social-icon-linkedin-in{background-color:#0077b5}.elementor-social-icon-medium{background-color:#00ab6b}.elementor-social-icon-meetup{background-color:#ec1c40}.elementor-social-icon-mixcloud{background-color:#273a4b}.elementor-social-icon-odnoklassniki{background-color:#f4731c}.elementor-social-icon-pinterest{background-color:#bd081c}.elementor-social-icon-product-hunt{background-color:#da552f}.elementor-social-icon-reddit{background-color:#ff4500}.elementor-social-icon-rss{background-color:#f26522}.elementor-social-icon-shopping-cart{background-color:#4caf50}.elementor-social-icon-skype{background-color:#00aff0}.elementor-social-icon-slideshare{background-color:#0077b5}.elementor-social-icon-snapchat{background-color:#fffc00}.elementor-social-icon-soundcloud{background-color:#f80}.elementor-social-icon-spotify{background-color:#2ebd59}.elementor-social-icon-stack-overflow{background-color:#fe7a15}.elementor-social-icon-steam{background-color:#00adee}.elementor-social-icon-stumbleupon{background-color:#eb4924}.elementor-social-icon-telegram{background-color:#2ca5e0}.elementor-social-icon-threads{background-color:#000}.elementor-social-icon-thumb-tack{background-color:#1aa1d8}.elementor-social-icon-tripadvisor{background-color:#589442}.elementor-social-icon-tumblr{background-color:#35465c}.elementor-social-icon-twitch{background-color:#6441a5}.elementor-social-icon-twitter{background-color:#1da1f2}.elementor-social-icon-viber{background-color:#665cac}.elementor-social-icon-vimeo{background-color:#1ab7ea}.elementor-social-icon-vk{background-color:#45668e}.elementor-social-icon-weibo{background-color:#dd2430}.elementor-social-icon-weixin{background-color:#31a918}.elementor-social-icon-whatsapp{background-color:#25d366}.elementor-social-icon-wordpress{background-color:#21759b}.elementor-social-icon-x-twitter{background-color:#000}.elementor-social-icon-xing{background-color:#026466}.elementor-social-icon-yelp{background-color:#af0606}.elementor-social-icon-youtube{background-color:#cd201f}.elementor-social-icon-500px{background-color:#0099e5}.elementor-shape-rounded .elementor-icon.elementor-social-icon{border-radius:10%}.elementor-shape-circle .elementor-icon.elementor-social-icon{border-radius:50%}<\/style>\t\t<div class=\"elementor-social-icons-wrapper elementor-grid\">\n\t\t\t\t\t\t\t<span class=\"elementor-grid-item\">\n\t\t\t\t\t<a class=\"elementor-icon elementor-social-icon elementor-social-icon-instagram elementor-animation-shrink elementor-repeater-item-87d6eb6\" href=\"https:\/\/www.instagram.com\/adoomania\/\" target=\"_blank\">\n\t\t\t\t\t\t<span class=\"elementor-screen-only\">Instagram<\/span>\n\t\t\t\t\t\t<i class=\"fab fa-instagram\"><\/i>\t\t\t\t\t<\/a>\n\t\t\t\t<\/span>\n\t\t\t\t\t\t\t<span class=\"elementor-grid-item\">\n\t\t\t\t\t<a class=\"elementor-icon elementor-social-icon elementor-social-icon-linkedin elementor-animation-shrink elementor-repeater-item-cb7a3f2\" href=\"https:\/\/www.linkedin.com\/in\/carina-bernardi-1442a2221\" target=\"_blank\">\n\t\t\t\t\t\t<span class=\"elementor-screen-only\">Linkedin<\/span>\n\t\t\t\t\t\t<i class=\"fab fa-linkedin\"><\/i>\t\t\t\t\t<\/a>\n\t\t\t\t<\/span>\n\t\t\t\t\t\t\t<span class=\"elementor-grid-item\">\n\t\t\t\t\t<a class=\"elementor-icon elementor-social-icon elementor-social-icon-youtube elementor-animation-shrink elementor-repeater-item-c6220d4\" href=\"https:\/\/youtube.com\/@feminineflows-w9v?si=d1JQb3uVW9Dcy52k\" target=\"_blank\">\n\t\t\t\t\t\t<span class=\"elementor-screen-only\">Youtube<\/span>\n\t\t\t\t\t\t<i class=\"fab fa-youtube\"><\/i>\t\t\t\t\t<\/a>\n\t\t\t\t<\/span>\n\t\t\t\t\t\t\t<span class=\"elementor-grid-item\">\n\t\t\t\t\t<a class=\"elementor-icon elementor-social-icon elementor-social-icon-spotify elementor-animation-shrink elementor-repeater-item-6ba4719\" href=\"https:\/\/open.spotify.com\/show\/3PR7UYoAoAZ3GRbVKcDzzx?si=19e38e8f8c3741a6\" target=\"_blank\">\n\t\t\t\t\t\t<span class=\"elementor-screen-only\">Spotify<\/span>\n\t\t\t\t\t\t<i class=\"fab fa-spotify\"><\/i>\t\t\t\t\t<\/a>\n\t\t\t\t<\/span>\n\t\t\t\t\t<\/div>\n\t\t\t\t<\/div>\n\t\t\t\t<\/div>\n\t\t\t\t\t<\/div>\n\t\t<\/div>\n\t\t\t\t\t<\/div>\n\t\t<\/section>\n\t\t\t\t\t<\/div>\n\t\t<\/div>\n\t\t\t\t\t<\/div>\n\t\t<\/section>\n\t\t\t\t<\/div>\n\t\t","protected":false},"excerpt":{"rendered":"<p>Let them Talk! Bild @SRF Bounce &#8222;Ich m\u00f6chte den Frauen Mut machen, dass sie sich nicht zu &#8218;Sex-Sells&#8216; gezwungen f\u00fchlen m\u00fcssen. Es geht darum, authentisch zu sein und sich wohlzuf\u00fchlen. Jeder kann auf seine eigene Art stark und sexy sein. Ich glaube, dass Authentizit\u00e4t und Selbstbewusstsein die Schl\u00fcssel sind. Wenn man sich selbst treu bleibt, [&hellip;]<\/p>\n","protected":false},"author":1,"featured_media":0,"parent":0,"menu_order":0,"comment_status":"closed","ping_status":"closed","template":"","meta":{"ocean_post_layout":"full-screen","ocean_both_sidebars_style":"","ocean_both_sidebars_content_width":0,"ocean_both_sidebars_sidebars_width":0,"ocean_sidebar":"","ocean_second_sidebar":"","ocean_disable_margins":"enable","ocean_add_body_class":"","ocean_shortcode_before_top_bar":"","ocean_shortcode_after_top_bar":"","ocean_shortcode_before_header":"","ocean_shortcode_after_header":"","ocean_has_shortcode":"","ocean_shortcode_after_title":"","ocean_shortcode_before_footer_widgets":"","ocean_shortcode_after_footer_widgets":"","ocean_shortcode_before_footer_bottom":"","ocean_shortcode_after_footer_bottom":"","ocean_display_top_bar":"off","ocean_display_header":"default","ocean_header_style":"","ocean_center_header_left_menu":"","ocean_custom_header_template":"","ocean_custom_logo":0,"ocean_custom_retina_logo":0,"ocean_custom_logo_max_width":0,"ocean_custom_logo_tablet_max_width":0,"ocean_custom_logo_mobile_max_width":0,"ocean_custom_logo_max_height":0,"ocean_custom_logo_tablet_max_height":0,"ocean_custom_logo_mobile_max_height":0,"ocean_header_custom_menu":"","ocean_menu_typo_font_family":"","ocean_menu_typo_font_subset":"","ocean_menu_typo_font_size":0,"ocean_menu_typo_font_size_tablet":0,"ocean_menu_typo_font_size_mobile":0,"ocean_menu_typo_font_size_unit":"px","ocean_menu_typo_font_weight":"","ocean_menu_typo_font_weight_tablet":"","ocean_menu_typo_font_weight_mobile":"","ocean_menu_typo_transform":"","ocean_menu_typo_transform_tablet":"","ocean_menu_typo_transform_mobile":"","ocean_menu_typo_line_height":0,"ocean_menu_typo_line_height_tablet":0,"ocean_menu_typo_line_height_mobile":0,"ocean_menu_typo_line_height_unit":"","ocean_menu_typo_spacing":0,"ocean_menu_typo_spacing_tablet":0,"ocean_menu_typo_spacing_mobile":0,"ocean_menu_typo_spacing_unit":"","ocean_menu_link_color":"","ocean_menu_link_color_hover":"","ocean_menu_link_color_active":"","ocean_menu_link_background":"","ocean_menu_link_hover_background":"","ocean_menu_link_active_background":"","ocean_menu_social_links_bg":"","ocean_menu_social_hover_links_bg":"","ocean_menu_social_links_color":"","ocean_menu_social_hover_links_color":"","ocean_disable_title":"on","ocean_disable_heading":"default","ocean_post_title":"","ocean_post_subheading":"","ocean_post_title_style":"","ocean_post_title_background_color":"","ocean_post_title_background":0,"ocean_post_title_bg_image_position":"","ocean_post_title_bg_image_attachment":"","ocean_post_title_bg_image_repeat":"","ocean_post_title_bg_image_size":"","ocean_post_title_height":0,"ocean_post_title_bg_overlay":0.5,"ocean_post_title_bg_overlay_color":"","ocean_disable_breadcrumbs":"default","ocean_breadcrumbs_color":"","ocean_breadcrumbs_separator_color":"","ocean_breadcrumbs_links_color":"","ocean_breadcrumbs_links_hover_color":"","ocean_display_footer_widgets":"off","ocean_display_footer_bottom":"off","ocean_custom_footer_template":"","footnotes":""},"class_list":["post-34","page","type-page","status-publish","hentry","entry"],"_links":{"self":[{"href":"https:\/\/feminineflows.carinabernardi.ch\/home\/wp-json\/wp\/v2\/pages\/34","targetHints":{"allow":["GET"]}}],"collection":[{"href":"https:\/\/feminineflows.carinabernardi.ch\/home\/wp-json\/wp\/v2\/pages"}],"about":[{"href":"https:\/\/feminineflows.carinabernardi.ch\/home\/wp-json\/wp\/v2\/types\/page"}],"author":[{"embeddable":true,"href":"https:\/\/feminineflows.carinabernardi.ch\/home\/wp-json\/wp\/v2\/users\/1"}],"replies":[{"embeddable":true,"href":"https:\/\/feminineflows.carinabernardi.ch\/home\/wp-json\/wp\/v2\/comments?post=34"}],"version-history":[{"count":0,"href":"https:\/\/feminineflows.carinabernardi.ch\/home\/wp-json\/wp\/v2\/pages\/34\/revisions"}],"wp:attachment":[{"href":"https:\/\/feminineflows.carinabernardi.ch\/home\/wp-json\/wp\/v2\/media?parent=34"}],"curies":[{"name":"wp","href":"https:\/\/api.w.org\/{rel}","templated":true}]}}